{"id":19577,"date":"2022-09-20T14:17:25","date_gmt":"2022-09-20T14:17:25","guid":{"rendered":"http:\/\/medcareint.com\/?post_type=product&#038;p=19577"},"modified":"2022-09-20T15:15:40","modified_gmt":"2022-09-20T15:15:40","slug":"vitamine-c","status":"publish","type":"product","link":"https:\/\/medcareint.com\/?product=vitamine-c","title":{"rendered":"Vitamine C"},"content":{"rendered":"<p><strong>Perfitimet dhe Indikacionet<\/strong><\/p>\n<ol>\n<li>Ndihmon funksionimin normal t\u00eb\u00a0sistemit imunitar.<\/li>\n<li>Rrit absorbimin e hekurit.<\/li>\n<li>Kontribuon n\u00eb funksionimin normal\u00a0t\u00eb kockave, sistemit nervor dhe\u00a0metabolizmit t\u00eb energjis\u00eb.<\/li>\n<li>P\u00ebrqendrimi i lart\u00eb i vitamin\u00ebs C p\u00ebr\u00a0pik\u00eb, 1 pik\u00eb=5mg Vit. C<\/li>\n<\/ol>\n<p><strong>Dozimi dhe administrimi<\/strong><\/p>\n<ol>\n<li>0-3 muaj: 3-4 pika n\u00eb dit\u00eb<\/li>\n<li>4-6 muaj: 4-6 pika n\u00eb dit\u00eb<\/li>\n<li>7-12 muaj: 7-9 pika n\u00eb dit\u00eb<\/li>\n<li>1-3 vje\u00e7: 10-12 pika n\u00eb dit\u00eb<\/li>\n<li>4-6 vje\u00e7: 12-14 pika n\u00eb dit\u00eb<\/li>\n<li>7-9 vje\u00e7: 14-17 pika n\u00eb dit\u00eb<\/li>\n<\/ol>\n<p>&nbsp;<\/p>\n","protected":false},"excerpt":{"rendered":"<p>Perfitimet dhe Indikacionet Ndihmon funksionimin normal t\u00eb\u00a0sistemit imunitar. Rrit absorbimin e hekurit. Kontribuon n\u00eb funksionimin normal\u00a0t\u00eb kockave, sistemit nervor dhe\u00a0metabolizmit t\u00eb energjis\u00eb. P\u00ebrqendrimi i lart\u00eb i vitamin\u00ebs C p\u00ebr\u00a0pik\u00eb, 1 pik\u00eb=5mg Vit. C Dozimi dhe administrimi 0-3 muaj: 3-4 pika n\u00eb dit\u00eb 4-6 muaj: 4-6 pika n\u00eb dit\u00eb 7-12 muaj: 7-9 pika n\u00eb dit\u00eb 1-3 [&hellip;]<\/p>\n","protected":false},"featured_media":19578,"comment_status":"open","ping_status":"closed","template":"","meta":{"om_disable_all_campaigns":false,"_monsterinsights_skip_tracking":false,"_monsterinsights_sitenote_active":false,"_monsterinsights_sitenote_note":"","_monsterinsights_sitenote_category":0},"product_cat":[274],"product_tag":[],"aioseo_notices":[],"_links":{"self":[{"href":"https:\/\/medcareint.com\/index.php?rest_route=\/wp\/v2\/product\/19577"}],"collection":[{"href":"https:\/\/medcareint.com\/index.php?rest_route=\/wp\/v2\/product"}],"about":[{"href":"https:\/\/medcareint.com\/index.php?rest_route=\/wp\/v2\/types\/product"}],"replies":[{"embeddable":true,"href":"https:\/\/medcareint.com\/index.php?rest_route=%2Fwp%2Fv2%2Fcomments&post=19577"}],"wp:featuredmedia":[{"embeddable":true,"href":"https:\/\/medcareint.com\/index.php?rest_route=\/wp\/v2\/media\/19578"}],"wp:attachment":[{"href":"https:\/\/medcareint.com\/index.php?rest_route=%2Fwp%2Fv2%2Fmedia&parent=19577"}],"wp:term":[{"taxonomy":"product_cat","embeddable":true,"href":"https:\/\/medcareint.com\/index.php?rest_route=%2Fwp%2Fv2%2Fproduct_cat&post=19577"},{"taxonomy":"product_tag","embeddable":true,"href":"https:\/\/medcareint.com\/index.php?rest_route=%2Fwp%2Fv2%2Fproduct_tag&post=19577"}],"curies":[{"name":"wp","href":"https:\/\/api.w.org\/{rel}","templated":true}]}}